{"id":2889,"date":"2017-11-27T12:57:20","date_gmt":"2017-11-27T12:57:20","guid":{"rendered":"http:\/\/malemuk.com\/olofee\/?page_id=2889"},"modified":"2018-03-10T08:14:55","modified_gmt":"2018-03-10T08:14:55","slug":"laer-fransk","status":"publish","type":"page","link":"https:\/\/malemuk.com\/olofee\/laer-fransk\/","title":{"rendered":"L\u00e6r fransk"},"content":{"rendered":"<p><a href=\"http:\/\/malemuk.com\/olofee\/?p=2896\">Nyttige lenker og verkt\u00f8y<\/a>\u00a0(ordb\u00f8ker, mm.)<\/p>\n<ul>\n<li><a href=\"https:\/\/quizlet.com\/49079977\/prononciation-uttale-flash-cards\/\"><strong>Prononciation<\/strong><\/a><\/li>\n<li><strong><a href=\"https:\/\/drive.google.com\/open?id=1ScruoBGo78vKbH6fAJNuMNOBDDnrdKMg\">Erreurs fr\u00e9quentes<\/a><\/strong><\/li>\n<\/ul>\n<p><strong>Grammaire<\/strong><\/p>\n<ul>\n<li><strong><a href=\"https:\/\/drive.google.com\/open?id=1pPbYwQ7PXWUM6DCVCESUC9BE7w3L63Nl0Fzcvg534OM\">Les articles<\/a>\u00a0<\/strong><em>(= artiklene)<\/em><\/li>\n<li><strong><a href=\"https:\/\/drive.google.com\/open?id=1aL04ONwq5Cn8vnXPOq9Y6gamJk39VU1S_Hw3BPCMiJ8\">La phrase<\/a>\u00a0<\/strong><em>(= setningen)<\/em><\/li>\n<li><strong>La conjugaison\u00a0<\/strong><em>(= verbb\u00f8ying)<\/em>\n<ul>\n<li><a href=\"http:\/\/malemuk.com\/fr\/verb_hjelpe.html\">Les auxiliaires<\/a> <em>(= hjelpeverb) | <\/em><a href=\"https:\/\/quizlet.com\/_4kqtbn\">Quizlet<\/a><\/li>\n<li><a href=\"http:\/\/malemuk.com\/fr\/verb_reg.html\">Les verbes r\u00e9guliers<\/a> <em>(= regelmessige verb)<\/em> | <a href=\"https:\/\/quizlet.com\/276706829\/conjugaison-verbes-reguliers-verbboying-regelmessige-verb-flash-cards\/\">Quizlet<\/a><\/li>\n<li><a href=\"http:\/\/malemuk.com\/fr\/verb_ureg.html\">Les verbes irr\u00e9guliers fr\u00e9quents<\/a> <em>(= ofte brukte uregelmessige verb)<\/em> | <a href=\"https:\/\/quizlet.com\/_4kqu3c\">Quizlet<\/a><\/li>\n<li><a href=\"http:\/\/malemuk.com\/fr\/tider.html\">Les temps des verbes<\/a> <em>(= verbtidene)<\/em><\/li>\n<\/ul>\n<\/li>\n<li><strong><a href=\"https:\/\/drive.google.com\/open?id=1_ZKo1rRw1IIC5uXxu6EYG2njsGd7fD8TkKcIeLX2OqA\">Poser une question<\/a>\u00a0<\/strong><em>(= stille et sp\u00f8rsm\u00e5l)<\/em><\/li>\n<li><strong><a href=\"https:\/\/drive.google.com\/open?id=1JJr6jg3RtclzGvjRED05dXI7lw4SQ7NdrhOqYP0E6WI\">La n\u00e9gation<\/a>\u00a0<\/strong><em>(= nektelse)<\/em><\/li>\n<li><strong><a href=\"https:\/\/drive.google.com\/open?id=1AQZXlDxql8nBKGHk2KQTA-yFJ3YFtTuaq0UHxBnbt10\">Les conjonctions <\/a><\/strong><em>(= bindeordene)<\/em><\/li>\n<li><strong><a href=\"https:\/\/drive.google.com\/open?id=15WvNgdZYQK_CnvNBSZ1Dtcjw3qkhvRF4207fpisIgv8\">L&#8217;\u00e9lision <\/a><\/strong><em>(= ordsammentrekningen)<\/em><\/li>\n<\/ul>\n<p><strong>Vocabulaire<\/strong><\/p>\n<ul>\n<li><span style=\"font-weight: 400;\"><a href=\"https:\/\/quizlet.com\/181228368\/comparer-a-sammenligne-flash-cards\/\">Comparer<\/a>\u00a0(= sammenlikne)<\/span><\/li>\n<li><a href=\"https:\/\/quizlet.com\/180758436\/les-nombres-0-80-flash-cards\/\"><span style=\"font-weight: 400;\">Les nombres de 0 \u00e0 80<\/span><\/a><\/li>\n<li><a href=\"https:\/\/quizlet.com\/181215811\/17-janvier-poser-une-question-1-stille-et-sporsmal-flash-cards\/\"><span style=\"font-weight: 400;\">Poser une question<\/span><\/a><\/li>\n<li><a href=\"https:\/\/quizlet.com\/159140057\/la-meteo-vaeret-flash-cards\/\">Le temps<\/a><\/li>\n<\/ul>\n<p>&nbsp;<\/p>\n","protected":false},"excerpt":{"rendered":"<p>Nyttige lenker og verkt\u00f8y\u00a0(ordb\u00f8ker, mm.) Prononciation Erreurs fr\u00e9quentes Grammaire Les articles\u00a0(= artiklene) La phrase\u00a0(= setningen) La conjugaison\u00a0(= verbb\u00f8ying) Les auxiliaires (= hjelpeverb) | Quizlet Les verbes r\u00e9guliers (= regelmessige verb) | Quizlet Les verbes irr\u00e9guliers fr\u00e9quents (= ofte brukte uregelmessige verb) | Quizlet Les temps des verbes (= verbtidene) Poser une question\u00a0(= stille et sp\u00f8rsm\u00e5l) [&hellip;]<\/p>\n","protected":false},"author":1,"featured_media":0,"parent":0,"menu_order":0,"comment_status":"closed","ping_status":"closed","template":"","meta":{"footnotes":""},"class_list":["post-2889","page","type-page","status-publish","hentry"],"_links":{"self":[{"href":"https:\/\/malemuk.com\/olofee\/wp-json\/wp\/v2\/pages\/2889","targetHints":{"allow":["GET"]}}],"collection":[{"href":"https:\/\/malemuk.com\/olofee\/wp-json\/wp\/v2\/pages"}],"about":[{"href":"https:\/\/malemuk.com\/olofee\/wp-json\/wp\/v2\/types\/page"}],"author":[{"embeddable":true,"href":"https:\/\/malemuk.com\/olofee\/wp-json\/wp\/v2\/users\/1"}],"replies":[{"embeddable":true,"href":"https:\/\/malemuk.com\/olofee\/wp-json\/wp\/v2\/comments?post=2889"}],"version-history":[{"count":13,"href":"https:\/\/malemuk.com\/olofee\/wp-json\/wp\/v2\/pages\/2889\/revisions"}],"predecessor-version":[{"id":2899,"href":"https:\/\/malemuk.com\/olofee\/wp-json\/wp\/v2\/pages\/2889\/revisions\/2899"}],"wp:attachment":[{"href":"https:\/\/malemuk.com\/olofee\/wp-json\/wp\/v2\/media?parent=2889"}],"curies":[{"name":"wp","href":"https:\/\/api.w.org\/{rel}","templated":true}]}}