{"id":2669,"date":"2016-10-01T04:08:29","date_gmt":"2016-10-01T04:08:29","guid":{"rendered":"http:\/\/malemuk.com\/olofee\/?page_id=2669"},"modified":"2018-09-12T15:28:31","modified_gmt":"2018-09-12T15:28:31","slug":"2669-2","status":"publish","type":"page","link":"https:\/\/malemuk.com\/olofee\/2669-2\/","title":{"rendered":"Fysikk for fagskolen"},"content":{"rendered":"<p><em>Alle videoene ligger ogs\u00e5 p\u00e5 <a href=\"https:\/\/www.youtube.com\/channel\/UCU1YJDtz51wP-GgKGS3h5Kw\">YouTube<\/a>.<\/em><br \/>\n<em>Lyden skurrer av og til p\u00e5 noen av videoene. Jeg er klar over problemet og har planlagt \u00e5 gj\u00f8re nye opptak etter hvert.<\/em><\/p>\n<p><strong>Formelsamling\u00a0<a href=\"http:\/\/malemuk.com\/olofee\/wp-content\/uploads\/2016\/10\/formelsamling.pdf\">(pdf)<\/a><\/strong><\/p>\n<p><strong>2. Rettlinjet bevegelse (<a href=\"http:\/\/malemuk.com\/olofee\/wp-content\/uploads\/2017\/10\/2-rettlinjet_bevegelse.pdf\">pdf<\/a>\u00a0| <a href=\"https:\/\/vimeo.com\/album\/5128349\">videoalbum<\/a>)<\/strong><\/p>\n<ul>\n<li>2.1 Bevegelse med konstant fart\n<ul>\n<li>2.1.2 bevegelseslikninger, med eksempler (<a href=\"https:\/\/vimeo.com\/album\/5128349\/video\/237218541\">video<\/a>)<\/li>\n<li>2.1.3 grafisk fremstilling (<a href=\"https:\/\/vimeo.com\/album\/5128349\/video\/237273216\">video<\/a>)\n<ul>\n<li>eksempel (<a href=\"https:\/\/vimeo.com\/album\/5128349\/video\/237274010\">video<\/a>)<\/li>\n<\/ul>\n<\/li>\n<\/ul>\n<\/li>\n<li>2.2 Bevegelse med konstant akselerasjon\n<ul>\n<li>2.2.1 definisjon, med eksempler (<a href=\"https:\/\/vimeo.com\/album\/5128349\/video\/237275694\">video<\/a>)<\/li>\n<li>2.2.2 bevegelseslikninger, med eksempler\u00a0(<a href=\"https:\/\/vimeo.com\/album\/5128349\/video\/237281590\">video<\/a>)<\/li>\n<li>2.2.3 Regning med fortegn, med eksempel\u00a0(<a href=\"https:\/\/vimeo.com\/album\/5128349\/video\/237282090\">video<\/a>)<\/li>\n<li>2.2.4 Fritt fall, med eksempel (<a href=\"https:\/\/vimeo.com\/album\/5128349\/video\/237282899\">video<\/a>)<\/li>\n<\/ul>\n<\/li>\n<\/ul>\n<p><strong>3. Kraft og bevegelse (<a href=\"http:\/\/malemuk.com\/olofee\/wp-content\/uploads\/2016\/10\/3-kraft_og_bevegelse.pdf\">pdf<\/a>\u00a0| <a href=\"https:\/\/vimeo.com\/album\/5072363\">videoalbum<\/a>)<\/strong><\/p>\n<ul>\n<li>3.1 Vektorer og krefter <a href=\"https:\/\/vimeo.com\/album\/5072363\/video\/260221736\">(video)<\/a><\/li>\n<li>3.2 Newtons 1. lov\n<ul>\n<li>teori <a href=\"https:\/\/vimeo.com\/album\/5072363\/video\/148733914\">(video)<\/a><\/li>\n<li>eksempel\u00a0<a href=\"https:\/\/vimeo.com\/album\/5072363\/video\/261751859\">(video)<\/a><\/li>\n<\/ul>\n<\/li>\n<li>3.3 Newtons 2. lov\n<ul>\n<li>teori <a href=\"https:\/\/vimeo.com\/album\/5072363\/video\/148989176\">(video)<\/a><\/li>\n<li>eksempler\u00a0<a href=\"https:\/\/vimeo.com\/album\/5072363\/video\/261755331\">(video)<\/a><\/li>\n<\/ul>\n<\/li>\n<li>3.3.1 Tyngde\u00a0<a href=\"https:\/\/vimeo.com\/album\/5072363\/video\/150549327\">(video)<\/a><\/li>\n<li>3.5 Newtons 3. lov\u00a0<a href=\"https:\/\/vimeo.com\/album\/5072363\/video\/150552739\">(video)<\/a><\/li>\n<\/ul>\n<p><strong>4. Arbeid og energi (<a href=\"http:\/\/malemuk.com\/olofee\/wp-content\/uploads\/2018\/04\/4-arbeid_og_energi.pdf\">pdf<\/a>\u00a0| <a href=\"https:\/\/vimeo.com\/album\/5125979\">videoalbum<\/a>)<\/strong><\/p>\n<ul>\n<li>4.1 Arbeid <a href=\"https:\/\/vimeo.com\/album\/5125979\/video\/265856905\">(video)<\/a><\/li>\n<li>4.2 Kinetisk energi <a href=\"https:\/\/vimeo.com\/album\/5125979\/video\/265857648\">(video)<\/a><\/li>\n<li>4.3 Potensiell energi <a href=\"https:\/\/vimeo.com\/album\/5125979\/video\/265858641\">(video)<\/a><\/li>\n<li>4.4 Bevaring av energi <a href=\"https:\/\/vimeo.com\/album\/5125979\/video\/265862997\">(video)<\/a><\/li>\n<li>4.5 Effekt <a href=\"https:\/\/vimeo.com\/album\/5125979\/video\/265863221\">(video)<\/a><\/li>\n<\/ul>\n<p><strong>6. Fysikk i v\u00e6sker og gasser (<a href=\"http:\/\/malemuk.com\/olofee\/wp-content\/uploads\/2018\/03\/6-fysikk_i_vaesker_og_gasser.pdf\">pdf<\/a>\u00a0| <a href=\"https:\/\/vimeo.com\/album\/5049033\">videoalbum<\/a>)<\/strong><\/p>\n<ul>\n<li>6.1 Trykk i v\u00e6sker og gasser\n<ul>\n<li>6.1.1 Trykk\u00a0<a href=\"https:\/\/vimeo.com\/album\/5049033\/video\/160860721\">(video)<\/a><\/li>\n<li>6.1.2 Trykk i v\u00e6sker <a href=\"https:\/\/vimeo.com\/album\/5049033\/video\/160864679\">(video)<\/a><\/li>\n<li>6.1.3 Hydraulikk &#8212; overf\u00f8ring av v\u00e6sketrykk <a href=\"https:\/\/vimeo.com\/album\/5049033\/video\/160865213\">(video)<\/a><\/li>\n<\/ul>\n<\/li>\n<li>6.2 Oppdrift <a href=\"https:\/\/vimeo.com\/album\/5049033\/video\/160881880\">(video)<\/a><\/li>\n<li>6.4 Tilstandslikningen for gasser <a href=\"https:\/\/vimeo.com\/album\/5049033\/video\/160882513\">(video)<\/a><\/li>\n<\/ul>\n<p><strong>7. Termofysikk (<a href=\"http:\/\/malemuk.com\/olofee\/wp-content\/uploads\/2016\/10\/7-termofysikk.pdf\">pdf<\/a>\u00a0| <a href=\"https:\/\/vimeo.com\/album\/5049014\">videoalbum<\/a>)<\/strong><\/p>\n<ul>\n<li>7.1 Varme og indre energi <a href=\"https:\/\/vimeo.com\/album\/5049014\/video\/258424053\">(video)<\/a><\/li>\n<li>7.2 Termofysikkens f\u00f8rste setning og 7.2.1 Volumarbeid <a href=\"https:\/\/vimeo.com\/album\/5049014\/video\/258568783\">(video)<\/a>\n<ul>\n<li>7.2.2 Kalorimetri &#8212; varmekapasitet og spesifikk varmekapasitet <a href=\"https:\/\/vimeo.com\/album\/5049014\/video\/258573588\">(video)<\/a><\/li>\n<li>7.2.2 Kalorimetri &#8212; lukket system <a href=\"https:\/\/vimeo.com\/album\/5049014\/video\/258954659\">(video)<\/a><\/li>\n<\/ul>\n<\/li>\n<li>7.3 Faseovergang <a href=\"https:\/\/vimeo.com\/album\/5049014\/video\/259136358\">(vid<\/a><a href=\"https:\/\/vimeo.com\/album\/5049014\/video\/259136358\">eo)<\/a>\n<ul>\n<li>7.3.1 Smeltevarme og fordampingsvarme\n<ul>\n<li>Smeltevarme og spesifikk smeltevarme <a href=\"https:\/\/vimeo.com\/album\/5049014\/video\/259137307\">(video)<\/a><\/li>\n<li>Fordampingsvarme og spesifikk fordampingsvarme <a href=\"https:\/\/vimeo.com\/album\/5049014\/video\/259140784\">(video)<\/a><\/li>\n<\/ul>\n<\/li>\n<\/ul>\n<\/li>\n<\/ul>\n","protected":false},"excerpt":{"rendered":"<p>Alle videoene ligger ogs\u00e5 p\u00e5 YouTube. Lyden skurrer av og til p\u00e5 noen av videoene. Jeg er klar over problemet og har planlagt \u00e5 gj\u00f8re nye opptak etter hvert. Formelsamling\u00a0(pdf) 2. Rettlinjet bevegelse (pdf\u00a0| videoalbum) 2.1 Bevegelse med konstant fart 2.1.2 bevegelseslikninger, med eksempler (video) 2.1.3 grafisk fremstilling (video) eksempel (video) 2.2 Bevegelse med konstant [&hellip;]<\/p>\n","protected":false},"author":1,"featured_media":0,"parent":0,"menu_order":0,"comment_status":"closed","ping_status":"closed","template":"","meta":{"footnotes":""},"class_list":["post-2669","page","type-page","status-publish","hentry"],"_links":{"self":[{"href":"https:\/\/malemuk.com\/olofee\/wp-json\/wp\/v2\/pages\/2669","targetHints":{"allow":["GET"]}}],"collection":[{"href":"https:\/\/malemuk.com\/olofee\/wp-json\/wp\/v2\/pages"}],"about":[{"href":"https:\/\/malemuk.com\/olofee\/wp-json\/wp\/v2\/types\/page"}],"author":[{"embeddable":true,"href":"https:\/\/malemuk.com\/olofee\/wp-json\/wp\/v2\/users\/1"}],"replies":[{"embeddable":true,"href":"https:\/\/malemuk.com\/olofee\/wp-json\/wp\/v2\/comments?post=2669"}],"version-history":[{"count":47,"href":"https:\/\/malemuk.com\/olofee\/wp-json\/wp\/v2\/pages\/2669\/revisions"}],"predecessor-version":[{"id":3015,"href":"https:\/\/malemuk.com\/olofee\/wp-json\/wp\/v2\/pages\/2669\/revisions\/3015"}],"wp:attachment":[{"href":"https:\/\/malemuk.com\/olofee\/wp-json\/wp\/v2\/media?parent=2669"}],"curies":[{"name":"wp","href":"https:\/\/api.w.org\/{rel}","templated":true}]}}